{"id":16501,"date":"2022-06-17T14:42:49","date_gmt":"2022-06-17T05:42:49","guid":{"rendered":"https:\/\/www.applasma.com\/?page_id=16501"},"modified":"2022-12-12T09:45:06","modified_gmt":"2022-12-12T00:45:06","slug":"idp-chuoi","status":"publish","type":"page","link":"https:\/\/www.applasma.com\/vi\/idp-chuoi\/","title":{"rendered":"IDP Chu\u1ed7i"},"content":{"rendered":"<div class=\"fusion-fullwidth fullwidth-box fusion-builder-row-1 fusion-flex-container nonhundred-percent-fullwidth non-hundred-percent-height-scrolling\" style=\"background-color: #ffffff;background-position: center center;background-repeat: no-repeat;border-width: 0px 0px 0px 0px;border-color:#0055a5;border-style:solid;\" ><div class=\"fusion-builder-row fusion-row fusion-flex-align-items-center fusion-flex-justify-content-center\" style=\"max-width:calc( 100% + 30px );margin-left: calc(-30px \/ 2 );margin-right: calc(-30px \/ 2 );\"><div class=\"fusion-layout-column fusion_builder_column fusion-builder-column-0 fusion_builder_column_1_1 1_1 fusion-flex-column fusion-animated\" data-animationType=\"fadeInUp\" data-animationDuration=\"1.3\" data-animationOffset=\"top-into-view\"><div class=\"fusion-column-wrapper lazyload fusion-flex-justify-content-flex-start fusion-content-layout-column fusion-empty-dims-bg-image\" style=\"background-image: linear-gradient(90deg, var(--awb-color6) 41%,hsla(var(--awb-color8-h),var(--awb-color8-s),var(--awb-color8-l),calc(var(--awb-color8-a) - 100%)) 18%);background-position:center bottom;background-repeat:no-repeat;-webkit-background-size:cover;-moz-background-size:cover;-o-background-size:cover;background-size:cover;padding: 80px 80px 80px 45px;\" data-bg-url=\"https:\/\/www.applasma.com\/wp-content\/uploads\/2022\/06\/wave-1905610.jpg\" data-bg=\"https:\/\/www.applasma.com\/wp-content\/uploads\/2022\/06\/wave-1905610.jpg\" data-bg-gradient=\"linear-gradient(90deg, var(--awb-color6) 41%,hsla(var(--awb-color8-h),var(--awb-color8-s),var(--awb-color8-l),calc(var(--awb-color8-a) - 100%)) 18%)\"><style type=\"text\/css\">@media only screen and (max-width:1024px) {.fusion-title.fusion-title-1{margin-top:20px!important; margin-right:0px!important;margin-bottom:20px!important;margin-left:0px!important;}}@media only screen and (max-width:640px) {.fusion-title.fusion-title-1{margin-top:0px!important; margin-right:0px!important;margin-bottom:20px!important; margin-left:0px!important;}}<\/style><div class=\"fusion-title title fusion-title-1 fusion-sep-none fusion-title-center fusion-title-text fusion-title-size-two\" style=\"font-size:64px;margin-top:20px;margin-right:0px;margin-bottom:20px;margin-left:0px;\"><h2 class=\"title-heading-center fusion-responsive-typography-calculated\" style=\"font-family:&quot;Plus Jakarta Sans&quot;;font-weight:700;margin:0;font-size:1em;letter-spacing:-0.015em;text-transform:var(--awb-typography1-text-transform);color:rgba(17,14,14,0.82);--fontSize:64;line-height:1.8;\">IDP Chu\u1ed7i<\/h2><\/div><div class=\"fusion-builder-row fusion-builder-row-inner fusion-row fusion-flex-align-items-center fusion-flex-justify-content-center\" style=\"width:calc( 100% + 30px ) !important;max-width:calc( 100% + 30px ) !important;margin-left: calc(-30px \/ 2 );margin-right: calc(-30px \/ 2 );\"><div class=\"fusion-layout-column fusion_builder_column_inner fusion-builder-nested-column-0 fusion-flex-column fusion-flex-align-self-stretch\"><div class=\"fusion-column-wrapper fusion-flex-justify-content-space-between fusion-content-layout-column\" style=\"background-position:left top;background-repeat:no-repeat;-webkit-background-size:cover;-moz-background-size:cover;-o-background-size:cover;background-size:cover;background-color:var(--awb-color3);padding: 36px 36px 36px 36px;\"><style type=\"text\/css\">@media only screen and (max-width:1024px) {.fusion-title.fusion-title-2{margin-top:20px!important; margin-right:5%!important;margin-bottom:1px!important;margin-left:5%!important;}}@media only screen and (max-width:640px) {.fusion-title.fusion-title-2{margin-top:10px!important; margin-right:0px!important;margin-bottom:10px!important; margin-left:0px!important;}}<\/style><div class=\"fusion-title title fusion-title-2 fusion-sep-none fusion-title-text fusion-title-size-div\" style=\"font-size:20px;margin-top:20px;margin-right:5%;margin-bottom:1px;margin-left:5%;\"><div class=\"title-heading-left title-heading-tag fusion-responsive-typography-calculated\" style=\"font-family:var(--awb-typography2-font-family);font-weight:var(--awb-typography2-font-weight);font-style:var(--awb-typography2-font-style);margin:0;font-size:1em;letter-spacing:var(--awb-typography2-letter-spacing);text-transform:var(--awb-typography2-text-transform);color:var(--awb-color7);--fontSize:20;--minFontSize:20px;line-height:0.2;\">SiO\u2082 L\u1edbp ph\u1ee7 Nano<\/div><\/div><style type=\"text\/css\">@media only screen and (max-width:1024px) {.fusion-title.fusion-title-3{margin-top:10px!important; margin-right:5%!important;margin-bottom:15px!important;margin-left:5%!important;}}@media only screen and (max-width:640px) {.fusion-title.fusion-title-3{margin-top:10px!important; margin-right:0px!important;margin-bottom:32px!important; margin-left:0px!important;}}<\/style><div class=\"fusion-title title fusion-title-3 fusion-sep-none fusion-title-text fusion-title-size-two\" style=\"margin-top:10px;margin-right:5%;margin-bottom:15px;margin-left:5%;\"><h2 class=\"title-heading-left fusion-responsive-typography-calculated\" style=\"margin:0;color:var(--awb-color7);--fontSize:46;line-height:1.25;\">L\u1edbp ph\u1ee7 Nano<\/h2><\/div><div class=\"fusion-text fusion-text-1 fusion-text-no-margin\" style=\"font-size:15px;line-height:var(--awb-typography4-line-height);letter-spacing:-0.010em;text-transform:var(--awb-typography4-text-transform);color:var(--awb-color7);font-family:var(--awb-typography4-font-family);font-weight:var(--awb-typography4-font-weight);font-style:var(--awb-typography4-font-style);margin-top:2%;margin-right:5%;margin-bottom:2%;margin-left:5%;\"><p>B\u1eb1ng c\u00e1ch ph\u1ee7 c\u00e1c lo\u1ea1i v\u1eadt li\u1ec7u kh\u00e1c nhau, hi\u1ec7u su\u1ea5t, v\u00e0 quy tr\u00ecnh c\u1ee7a c\u00e1c s\u1ea3n ph\u1ea9m hi\u1ec7n c\u00f3 c\u00f3 th\u1ec3 \u0111\u01b0\u1ee3c c\u1ea3i thi\u1ec7n \u0111\u00e1ng k\u1ec3. C\u00f4ng ngh\u1ec7 ph\u1ee7 phim nano c\u00f3 th\u1ec3 \u0111\u01b0\u1ee3c s\u1eed d\u1ee5ng \u0111\u1ec3 t\u1ea1o ra nhi\u1ec1u lo\u1ea1i phim c\u00e1ch \u0111i\u1ec7n, phim b\u1ea3o v\u1ec7 v\u00e0 phim ch\u1ee9c n\u0103ng kh\u00e1c nhau.<\/p>\n<\/div><div class=\"fusion-text fusion-text-2 fusion-text-no-margin\" style=\"font-size:16px;letter-spacing:0.015em;text-transform:var(--awb-typography4-text-transform);color:var(--awb-custom14);font-family:var(--awb-typography4-font-family);font-weight:var(--awb-typography4-font-weight);font-style:var(--awb-typography4-font-style);margin-right:5%;margin-bottom:1px;margin-left:5%;\"><p><strong>n\u00e9t \u0111\u1eb7c tr\u01b0ng<\/strong><br \/>\n<span style=\"color: #333333; font-size: 14px;\">L\u1edbp ph\u1ee7 nano t\u00f9y ch\u1ecdn b\u1eb1ng c\u00e1ch x\u1eed l\u00fd kh\u00ed ga tr\u00ean \u00e1p su\u1ea5t kh\u00ed quy\u1ec3n<\/span><\/p>\n<\/div><div class=\"fusion-text fusion-text-3 fusion-text-no-margin\" style=\"font-size:14px;letter-spacing:0.015em;text-transform:none;color:var(--awb-color1);font-family:var(--awb-typography4-font-family);font-weight:var(--awb-typography4-font-weight);font-style:var(--awb-typography4-font-style);margin-top:1px;margin-right:5%;margin-bottom:1px;margin-left:5%;\"><ul>\n<li>~500 mm X\u1eed l\u00fd b\u1ec1 m\u1eb7t l\u1edbn<\/li>\n<li>L\u1edbp ph\u1ee7 \u0111\u1ed3ng \u0111\u1ec1u<\/li>\n<li>\u0111\u1ed9i h\u00ecnh l\u1edbn<\/li>\n<li>Polymer, M\u00e0ng m\u1ecfng V\u00f4 c\u01a1<\/li>\n<li>M\u00e0ng m\u1ecfng: PMMA, SiO\u2082, DACH, Acrylacid<\/li>\n<li>M\u00e0ng m\u1ecfng Nanolayer: 5-50 nm<\/li>\n<li>R\u1ea5t d\u1ec5 ki\u1ec3m so\u00e1t \u0111\u1ed9 d\u00e0y<\/li>\n<\/ul>\n<\/div><div class=\"fusion-text fusion-text-4 fusion-text-no-margin\" style=\"font-size:var(--awb-typography4-font-size);letter-spacing:0.015em;text-transform:var(--awb-typography4-text-transform);color:var(--awb-custom14);font-family:var(--awb-typography4-font-family);font-weight:var(--awb-typography4-font-weight);font-style:var(--awb-typography4-font-style);margin-top:2%;margin-right:5%;margin-bottom:1px;margin-left:5%;\"><p><strong>s\u1ef1 \u00e1p d\u1ee5ng<\/strong><\/p>\n<\/div><div class=\"fusion-text fusion-text-5 fusion-text-no-margin\" style=\"font-size:14px;letter-spacing:0.015em;text-transform:var(--awb-typography4-text-transform);color:var(--awb-color1);font-family:var(--awb-typography4-font-family);font-weight:var(--awb-typography4-font-weight);font-style:var(--awb-typography4-font-style);margin-top:1px;margin-right:5%;margin-bottom:1px;margin-left:5%;\"><ul>\n<li>Film c\u00e1ch \u0111i\u1ec7n cho thi\u1ebft b\u1ecb TFT<\/li>\n<li>ch\u1ea5t c\u00e1ch \u0111i\u1ec7n m\u00e0ng nano<\/li>\n<li>B\u1ee9c t\u01b0\u1eddng phim nano<\/li>\n<li>Phim quang h\u1ecdc<\/li>\n<li>L\u00f2 s\u01b0\u1edfi s\u1ee3i carbon<\/li>\n<li>\u1ed1ng k\u00ednh vi m\u00f4<\/li>\n<li>G\u00f3i LED<\/li>\n<li>M\u1eb7t n\u1ea1 \u1ea3nh ch\u1ee5p<\/li>\n<li>Thi\u1ebft b\u1ecb RFID<\/li>\n<\/ul>\n<\/div><div class=\"fusion-separator fusion-no-small-visibility fusion-full-width-sep\" style=\"align-self: center;margin-left: auto;margin-right: auto;margin-top:10px;margin-bottom:10px;width:100%;\"><\/div><\/div><style type=\"text\/css\">.fusion-body .fusion-builder-nested-column-0{width:38% !important;margin-top : 0px;margin-bottom : 0px;}.fusion-builder-nested-column-0 > .fusion-column-wrapper {padding-top : 36px !important;padding-right : 36px !important;margin-right : 0px;padding-bottom : 36px !important;padding-left : 36px !important;margin-left : 0px;}@media only screen and (max-width:1024px) {.fusion-body .fusion-builder-nested-column-0{width:50% !important;order : 0;}.fusion-builder-nested-column-0 > .fusion-column-wrapper {margin-right : 0px;margin-left : 0px;}}@media only screen and (max-width:640px) {.fusion-body .fusion-builder-nested-column-0{width:100% !important;order : 0;}.fusion-builder-nested-column-0 > .fusion-column-wrapper {margin-right : 15px;margin-left : 15px;}}<\/style><\/div><div class=\"fusion-layout-column fusion_builder_column_inner fusion-builder-nested-column-1 fusion-flex-column fusion-flex-align-self-stretch\"><div class=\"fusion-column-wrapper lazyload fusion-flex-justify-content-flex-start fusion-content-layout-column fusion-empty-column-bg-image fusion-empty-dims-bg-image\" style=\"background-position:center center;background-repeat:no-repeat;-webkit-background-size:cover;-moz-background-size:cover;-o-background-size:cover;background-size:cover;padding: 0px 0px 0px 0px;\" data-bg-url=\"https:\/\/www.applasma.com\/wp-content\/uploads\/2022\/06\/idp1000-1.jpg\" data-bg=\"https:\/\/www.applasma.com\/wp-content\/uploads\/2022\/06\/idp1000-1.jpg\"><img class=\"fusion-empty-dims-img-placeholder\" src=\"data:image\/gif;base64,R0lGODlhAQABAAAAACH5BAEKAAEALAAAAAABAAEAAAICTAEAOw==\"><\/div><style type=\"text\/css\">.fusion-body .fusion-builder-nested-column-1{width:50% !important;margin-top : 0px;margin-bottom : 0px;}.fusion-builder-nested-column-1 > .fusion-column-wrapper {padding-top : 0px !important;padding-right : 0px !important;margin-right : 0px;padding-bottom : 0px !important;padding-left : 0px !important;margin-left : 0px;}@media only screen and (max-width:1024px) {.fusion-body .fusion-builder-nested-column-1{width:50% !important;order : 0;}.fusion-builder-nested-column-1 > .fusion-column-wrapper {margin-right : 0px;margin-left : 0px;}}@media only screen and (min-width:1024px) {.fusion-body .fusion-builder-nested-column-1 .fusion-empty-dims-img-placeholder { display: none; } }@media only screen and (max-width:640px) {.fusion-body .fusion-builder-nested-column-1{width:100% !important;order : 0;}.fusion-builder-nested-column-1 > .fusion-column-wrapper {padding-top : 100px !important;margin-right : 15px;padding-bottom : 100px !important;margin-left : 15px;}}<\/style><\/div><\/div><\/div><style type=\"text\/css\">.fusion-body .fusion-builder-column-0{width:100% !important;margin-top : 0px;margin-bottom : 0px;}.fusion-builder-column-0 > .fusion-column-wrapper {padding-top : 80px !important;padding-right : 80px !important;margin-right : 0;padding-bottom : 80px !important;padding-left : 45px !important;margin-left : 0;}@media only screen and (max-width:1024px) {.fusion-body .fusion-builder-column-0{width:100% !important;}.fusion-builder-column-0 > .fusion-column-wrapper {padding-top : 60px !important;margin-right : 15px;padding-bottom : 60px !important;padding-left : 60px !important;margin-left : 15px;}}@media only screen and (min-width:1024px) {.fusion-body .fusion-builder-column-0 .fusion-empty-dims-img-placeholder { display: none; } }@media only screen and (max-width:640px) {.fusion-body .fusion-builder-column-0{width:100% !important;}.fusion-builder-column-0 > .fusion-column-wrapper {padding-top : 30px !important;padding-right : 30px !important;margin-right : 15px;padding-bottom : 30px !important;padding-left : 30px !important;margin-left : 15px;}}<\/style><\/div><\/div><style type=\"text\/css\">.fusion-body .fusion-flex-container.fusion-builder-row-1{ padding-top : 0px;margin-top : 0px;padding-right : 0px;padding-bottom : 0px;margin-bottom : 0px;padding-left : 0px;}<\/style><\/div>\n","protected":false},"excerpt":{"rendered":"","protected":false},"author":1,"featured_media":0,"parent":0,"menu_order":0,"comment_status":"closed","ping_status":"closed","template":"","meta":[],"_links":{"self":[{"href":"https:\/\/www.applasma.com\/vi\/wp-json\/wp\/v2\/pages\/16501"}],"collection":[{"href":"https:\/\/www.applasma.com\/vi\/wp-json\/wp\/v2\/pages"}],"about":[{"href":"https:\/\/www.applasma.com\/vi\/wp-json\/wp\/v2\/types\/page"}],"author":[{"embeddable":true,"href":"https:\/\/www.applasma.com\/vi\/wp-json\/wp\/v2\/users\/1"}],"replies":[{"embeddable":true,"href":"https:\/\/www.applasma.com\/vi\/wp-json\/wp\/v2\/comments?post=16501"}],"version-history":[{"count":7,"href":"https:\/\/www.applasma.com\/vi\/wp-json\/wp\/v2\/pages\/16501\/revisions"}],"predecessor-version":[{"id":18252,"href":"https:\/\/www.applasma.com\/vi\/wp-json\/wp\/v2\/pages\/16501\/revisions\/18252"}],"wp:attachment":[{"href":"https:\/\/www.applasma.com\/vi\/wp-json\/wp\/v2\/media?parent=16501"}],"curies":[{"name":"wp","href":"https:\/\/api.w.org\/{rel}","templated":true}]}}